{"id":19,"date":"2011-10-15T13:58:39","date_gmt":"2011-10-15T13:58:39","guid":{"rendered":"http:\/\/www.schussi.de\/wordpress\/?page_id=19"},"modified":"2017-03-17T17:14:19","modified_gmt":"2017-03-17T17:14:19","slug":"willkommen","status":"publish","type":"page","link":"http:\/\/www.schussi.de\/?page_id=19","title":{"rendered":"\u00dcber mich"},"content":{"rendered":"<p>Willkommen auf meiner neuen Homepage. Naja, eigentlich ist es ja ein Blog, erstellt mit WordPress. Wie ich finde vollkommen ausreichend.<br \/>\nNeben Infos \u00fcber mich werde ich haupts\u00e4chlich meine Fotos zeigen. Warum auch nicht, sollen Alle was davon haben ;).<\/p>\n<p>\u00dcber mich gibt es nicht wirklich viel zu berichten, hier aber ein paar Details:<\/p>\n<div id=\"attachment_25\" style=\"width: 300px\" class=\"wp-caption alignleft\"><a href=\"http:\/\/www.schussi.de\/wp-content\/uploads\/2011\/10\/ich_klf03.jpg\"><img loading=\"lazy\" decoding=\"async\" aria-describedby=\"caption-attachment-25\" class=\"size-full wp-image-25\" title=\"Der Schussi\" src=\"http:\/\/www.schussi.de\/wp-content\/uploads\/2011\/10\/ich_klf03.jpg\" alt=\"\" width=\"300\" height=\"280\" \/><\/a><p id=\"caption-attachment-25\" class=\"wp-caption-text\">Ok, da bin ich nicht mehr ganz so frisch (wie das Foto auch)<\/p><\/div>\n<p>Name: Frank Schuster<br \/>\nAlter: im Moment 50<br \/>\nBeruf: Angestellter<br \/>\nHobbys\/Interessen: zu Viele&#8230;<br \/>\nSternzeichen: Skorpion<\/p>\n<p>Meine Freizeit verbringe ich im Moment auf der Stra\u00dfe (meistens beruflich mit dem Auto oder ab und an mit dem Rad), bei meiner ComputerAG (die gibt es schon Jahrzehnte :o) oder eben vorm Computer. Nicht so aufregend, ich wei\u00df.<\/p>\n<p>Ansonsten hoffe ich das Diejenigen, f\u00fcr die ich mich engagiere, in mir mehr sehen als nur das &#8222;N\u00fctzliche&#8220; um eigene Ziele zu erreichen&#8230; \ud83d\ude09<\/p>\n<p>&nbsp;<\/p>\n","protected":false},"excerpt":{"rendered":"<p>Willkommen auf meiner neuen Homepage. Naja, eigentlich ist es ja ein Blog, erstellt mit WordPress. Wie ich finde vollkommen ausreichend. Neben Infos \u00fcber mich werde ich haupts\u00e4chlich meine Fotos zeigen. Warum auch nicht, sollen Alle was davon haben ;). \u00dcber mich gibt es nicht wirklich viel zu berichten, hier aber ein paar Details: Name: Frank &hellip; <\/p>\n<p><a class=\"more-link btn\" href=\"http:\/\/www.schussi.de\/?page_id=19\">Weiterlesen<\/a><\/p>\n","protected":false},"author":1,"featured_media":0,"parent":0,"menu_order":1,"comment_status":"closed","ping_status":"closed","template":"","meta":{"_monsterinsights_skip_tracking":false,"_monsterinsights_sitenote_active":false,"_monsterinsights_sitenote_note":"","_monsterinsights_sitenote_category":0,"footnotes":""},"class_list":["post-19","page","type-page","status-publish","hentry","nodate","item-wrap"],"_links":{"self":[{"href":"http:\/\/www.schussi.de\/index.php?rest_route=\/wp\/v2\/pages\/19","targetHints":{"allow":["GET"]}}],"collection":[{"href":"http:\/\/www.schussi.de\/index.php?rest_route=\/wp\/v2\/pages"}],"about":[{"href":"http:\/\/www.schussi.de\/index.php?rest_route=\/wp\/v2\/types\/page"}],"author":[{"embeddable":true,"href":"http:\/\/www.schussi.de\/index.php?rest_route=\/wp\/v2\/users\/1"}],"replies":[{"embeddable":true,"href":"http:\/\/www.schussi.de\/index.php?rest_route=%2Fwp%2Fv2%2Fcomments&post=19"}],"version-history":[{"count":0,"href":"http:\/\/www.schussi.de\/index.php?rest_route=\/wp\/v2\/pages\/19\/revisions"}],"wp:attachment":[{"href":"http:\/\/www.schussi.de\/index.php?rest_route=%2Fwp%2Fv2%2Fmedia&parent=19"}],"curies":[{"name":"wp","href":"https:\/\/api.w.org\/{rel}","templated":true}]}}